{"id":8,"date":"2017-03-17T09:09:08","date_gmt":"2017-03-17T08:09:08","guid":{"rendered":"http:\/\/agilitylosolivos.es\/?page_id=8"},"modified":"2017-03-17T09:20:38","modified_gmt":"2017-03-17T08:20:38","slug":"acerca-de","status":"publish","type":"page","link":"https:\/\/agilitylosolivos.es\/?page_id=8","title":{"rendered":"Acerca de"},"content":{"rendered":"<p>Ante todo amantes de nuestras mascotas, con las que nos encanta disfrutar haciendo deporte.<\/p>\n<p><b>Agility<\/b> es una modalidad competitiva donde un gu\u00eda dirige a un <a class=\"mw-redirect\" title=\"Perro\" href=\"https:\/\/es.wikipedia.org\/wiki\/Perro\">perro<\/a> sobre una serie de obst\u00e1culos, los cuales tiene que librar de manera limpia y lo m\u00e1s exacta posible, compitiendo contra reloj. Los perros participan sin correa sin juguetes y sin incentivos. El gu\u00eda no debe tocar al perro ni a los obst\u00e1culos, excepto de manera accidental. Consecuentemente, el control del gu\u00eda radica en la voz, se\u00f1ales manuales, lenguaje corporal. Lo que requiere que el animal est\u00e9 entrenado de manera excepcional.<\/p>\n<p>En su forma m\u00e1s sencilla, el circuito de agility consiste en un determinado n\u00famero de obst\u00e1culos, en donde un juez dise\u00f1ar\u00e1 el orden que el perro deber\u00e1 seguir para as\u00ed completar la prueba conforme al reglamento.<\/p>\n<p>Los circuitos son lo suficientemente complicados para que el perro no pueda terminarlos correctamente sin direcci\u00f3n humana. Durante la competencia, el gu\u00eda decidir\u00e1 las estrategias a seguir para dirigir al perro a trav\u00e9s del recorrido, combinando velocidad y precisi\u00f3n ya que ambas son igualmente importantes. Existen varias t\u00e9cnicas que ayudan a compensar la posible diferencia de velocidad humana y canina, fuerza \u00f3 debilidad entre los perros y sus gu\u00edas. Pero lo que m\u00e1s que nada ha impulsado la popularidad de esta actividad deportiva es que el gu\u00eda y el perro se divierten.<\/p>\n","protected":false},"excerpt":{"rendered":"<p>Ante todo amantes de nuestras mascotas, con las que nos encanta disfrutar haciendo deporte. Agility es una modalidad competitiva donde un gu\u00eda dirige a un perro sobre una serie de &#8230;<\/p>\n","protected":false},"author":1,"featured_media":36,"parent":0,"menu_order":0,"comment_status":"closed","ping_status":"closed","template":"","meta":{"footnotes":""},"class_list":["post-8","page","type-page","status-publish","has-post-thumbnail","hentry"],"_links":{"self":[{"href":"https:\/\/agilitylosolivos.es\/index.php?rest_route=\/wp\/v2\/pages\/8","targetHints":{"allow":["GET"]}}],"collection":[{"href":"https:\/\/agilitylosolivos.es\/index.php?rest_route=\/wp\/v2\/pages"}],"about":[{"href":"https:\/\/agilitylosolivos.es\/index.php?rest_route=\/wp\/v2\/types\/page"}],"author":[{"embeddable":true,"href":"https:\/\/agilitylosolivos.es\/index.php?rest_route=\/wp\/v2\/users\/1"}],"replies":[{"embeddable":true,"href":"https:\/\/agilitylosolivos.es\/index.php?rest_route=%2Fwp%2Fv2%2Fcomments&post=8"}],"version-history":[{"count":3,"href":"https:\/\/agilitylosolivos.es\/index.php?rest_route=\/wp\/v2\/pages\/8\/revisions"}],"predecessor-version":[{"id":37,"href":"https:\/\/agilitylosolivos.es\/index.php?rest_route=\/wp\/v2\/pages\/8\/revisions\/37"}],"wp:featuredmedia":[{"embeddable":true,"href":"https:\/\/agilitylosolivos.es\/index.php?rest_route=\/wp\/v2\/media\/36"}],"wp:attachment":[{"href":"https:\/\/agilitylosolivos.es\/index.php?rest_route=%2Fwp%2Fv2%2Fmedia&parent=8"}],"curies":[{"name":"wp","href":"https:\/\/api.w.org\/{rel}","templated":true}]}}